{"id":80,"date":"2012-05-18T16:39:39","date_gmt":"2012-05-18T19:39:39","guid":{"rendered":"http:\/\/www.diadelpadre.org\/www\/?page_id=80"},"modified":"2017-11-07T09:05:33","modified_gmt":"2017-11-07T12:05:33","slug":"index","status":"publish","type":"page","link":"http:\/\/www.diadelpadre.org\/www\/","title":{"rendered":"En homenaje al General Jos\u00e9 de San Mart\u00edn"},"content":{"rendered":"<p>El \u201cD\u00eda del Padre\u201d se conmemorar\u00eda el 24 de Agosto de cada a\u00f1o en los establecimientos educacionales y se festejar\u00eda en familia el tercer domingo de agosto en d\u00eda no feriado, en homenaje al General D. Jos\u00e9 de San Mart\u00edn, en la fecha del nacimiento de su hija Mercedita y por todas las cualidades, virtudes y valores que distinguieron la vida del Libertador; en lugar del tercer domingo de Junio, fecha en la que se conmemora el d\u00eda del padre norteamericano.<\/p>\n<hr \/>\n<h3>M\u00e1ximas de San Mart\u00edn a su hija Merceditas<\/h3>\n<p>Estas m\u00e1ximas representan un compendio de principios y l\u00edmites de todo hijo y constituye un verdadero plan educativo de \u00edndole moral.<\/p>\n<p>En todas las escuelas peri\u00f3dicamente, deber\u00eda ser recordado, es una necesidad.<\/p>\n<h4>No deje de leerlas, para ello <a href=\"http:\/\/www.diadelpadre.org\/www\/maximas\/\">haga clic aqu\u00ed<\/a>.<\/h4>\n","protected":false},"excerpt":{"rendered":"<p>El \u201cD\u00eda del Padre\u201d se conmemorar\u00eda el 24 de Agosto de cada a\u00f1o en los establecimientos educacionales y se festejar\u00eda en familia el tercer domingo de agosto en d\u00eda no feriado, en homenaje al General D. Jos\u00e9 de San Mart\u00edn, en la fecha del nacimiento de su hija Mercedita y por todas las cualidades, virtudes y valores que distinguieron la vida del Libertador; en lugar del tercer domingo de Junio, fecha en la que se conmemora el d\u00eda del padre norteamericano. M\u00e1ximas de San Mart\u00edn a su hija Merceditas Estas m\u00e1ximas representan un compendio de principios y l\u00edmites de todo hijo y constituye un verdadero plan educativo de \u00edndole moral. En todas las escuelas peri\u00f3dicamente, deber\u00eda ser recordado, es una necesidad. No deje de leerlas, para ello haga clic aqu\u00ed.<\/p>\n","protected":false},"author":1,"featured_media":0,"parent":0,"menu_order":0,"comment_status":"closed","ping_status":"closed","template":"","meta":{"footnotes":""},"class_list":["post-80","page","type-page","status-publish","hentry"],"_links":{"self":[{"href":"http:\/\/www.diadelpadre.org\/www\/wp-json\/wp\/v2\/pages\/80","targetHints":{"allow":["GET"]}}],"collection":[{"href":"http:\/\/www.diadelpadre.org\/www\/wp-json\/wp\/v2\/pages"}],"about":[{"href":"http:\/\/www.diadelpadre.org\/www\/wp-json\/wp\/v2\/types\/page"}],"author":[{"embeddable":true,"href":"http:\/\/www.diadelpadre.org\/www\/wp-json\/wp\/v2\/users\/1"}],"replies":[{"embeddable":true,"href":"http:\/\/www.diadelpadre.org\/www\/wp-json\/wp\/v2\/comments?post=80"}],"version-history":[{"count":5,"href":"http:\/\/www.diadelpadre.org\/www\/wp-json\/wp\/v2\/pages\/80\/revisions"}],"predecessor-version":[{"id":660,"href":"http:\/\/www.diadelpadre.org\/www\/wp-json\/wp\/v2\/pages\/80\/revisions\/660"}],"wp:attachment":[{"href":"http:\/\/www.diadelpadre.org\/www\/wp-json\/wp\/v2\/media?parent=80"}],"curies":[{"name":"wp","href":"https:\/\/api.w.org\/{rel}","templated":true}]}}