{"id":232,"date":"2012-05-31T11:37:25","date_gmt":"2012-05-31T14:37:25","guid":{"rendered":"http:\/\/www.diadelpadre.org\/www\/?page_id=232"},"modified":"2017-11-07T09:08:42","modified_gmt":"2017-11-07T12:08:42","slug":"legales","status":"publish","type":"page","link":"http:\/\/www.diadelpadre.org\/www\/legales\/","title":{"rendered":"Legislaci\u00f3n"},"content":{"rendered":"<p>Los siguientes documentos est\u00e1n disponibles como antecedentes de diferentes instancias legales llevadas a cabo por gobiernos nacionales, provinciales y\/o municipales.<br \/>\nSi usted conoce o tiene alg\u00fan otro antecedente o publicaci\u00f3n al respecto, solicitamos que se ponga en <a title=\"Contacto\" href=\"http:\/\/www.diadelpadre.org\/www\/contacto\/\">contacto<\/a> con nosotros, que la publicaremos en esta p\u00e1gina.<\/p>\n<div class=\"shortcode1-3\"><p><strong><br \/>\n<\/strong><\/p>\n<h6>DOCUMENTO\/PUBLICACI\u00d3N<\/h6>\n<p>&nbsp;<\/p>\n<\/div>\n<div class=\"shortcode1-3\"><p><strong><br \/>\n<\/strong><\/p>\n<h6>OR\u00cdGEN\/AUTOR<\/h6>\n<p>&nbsp;<\/p>\n<\/div>\n<div class=\"shortcode1-3\"><p><strong><br \/>\n<\/strong><\/p>\n<h6>DISTRITO, FECHA<\/h6>\n<p>&nbsp;<\/p>\n<\/div>\n<div class=\"shortcode1-3\"><p><strong><a title=\"Resoluci\u00f3n 192-T-53\" href=\"http:\/\/www.diadelpadre.org\/www\/res192t53\/\">Resoluci\u00f3n 192-T-53<\/a><\/strong><\/p>\n<\/div>\n<div class=\"shortcode1-3\"><p>Direcci\u00f3n General de Escuelas<\/p>\n<\/div>\n<div class=\"shortcode1-3\"><p>Mendoza, 1953<\/p>\n<\/div>\n<div class=\"shortcode1-3\"><p><strong><a title=\"Sesi\u00f3n Nro. 19\" href=\"http:\/\/www.diadelpadre.org\/www\/ses1956\/\">Sesi\u00f3n 19<\/a><\/strong><\/p>\n<\/div>\n<div class=\"shortcode1-3\"><p>Concejo Nacional de Educaci\u00f3n<\/p>\n<\/div>\n<div class=\"shortcode1-3\"><p>Argentina, 1956 <\/p>\n<\/div>\n<div class=\"shortcode1-3\"><p><strong><a title=\"Resoluci\u00f3n 84056\/56\" href=\"http:\/\/www.diadelpadre.org\/www\/res8405656\/\">Resoluci\u00f3n 84056\/56<\/a><\/strong><\/p>\n<\/div>\n<div class=\"shortcode1-3\"><p>Concejo Nacional de Educaci\u00f3n<\/p>\n<\/div>\n<div class=\"shortcode1-3\"><p>Argentina, 1956<\/p>\n<\/div>\n<div class=\"shortcode1-3\"><p><strong><a title=\"Celebraciones\" href=\"http:\/\/www.diadelpadre.org\/www\/celebraciones\/\">Celebraciones<\/a><\/strong><\/p>\n<\/div>\n<div class=\"shortcode1-3\"><p>Robert J. Myers, Hallmark Cards<\/p>\n<\/div>\n<div class=\"shortcode1-3\"><p>Estados Unidos, 1972<\/p>\n<\/div>\n<div class=\"shortcode1-3\"><p><strong><a title=\"Decreto 2119\/82\" href=\"http:\/\/www.diadelpadre.org\/www\/dec211982\/\">Decreto 2119\/82<\/a><\/strong><\/p>\n<\/div>\n<div class=\"shortcode1-3\"><p>Poder Ejecutivo<\/p>\n<\/div>\n<div class=\"shortcode1-3\"><p>Mendoza, 1982<\/p>\n<\/div>\n<div class=\"shortcode1-3\"><p><strong><a title=\"Ley 5131\" href=\"http:\/\/www.diadelpadre.org\/www\/ley5131\/\">Ley 5131<\/a><\/strong><\/p>\n<\/div>\n<div class=\"shortcode1-3\"><p>C\u00e1maras de Diputados\/Senadores<\/p>\n<\/div>\n<div class=\"shortcode1-3\"><p>Mendoza, 1986<\/p>\n<\/div>\n<div class=\"shortcode1-3\"><p><strong><a title=\"Resoluci\u00f3n s\/nro\" href=\"http:\/\/www.diadelpadre.org\/www\/resmza9\/\">Resoluci\u00f3n<\/a><\/strong><\/p>\n<\/div>\n<div class=\"shortcode1-3\"><p>C\u00e1mara de Senadores<\/p>\n<\/div>\n<div class=\"shortcode1-3\"><p>Mendoza, 1997<\/p>\n<\/div>\n<div class=\"shortcode1-3\"><p><strong><a title=\"Proyecto de Ley 0045-D-09\" href=\"http:\/\/www.diadelpadre.org\/www\/prl0045d09\/\">Proyecto 0045-D-09<\/a><\/strong><\/p>\n<\/div>\n<div class=\"shortcode1-3\"><p>C\u00e1mara de Diputados<\/p>\n<\/div>\n<div class=\"shortcode1-3\"><p>Argentina, 1999<\/p>\n<\/div>\n<div class=\"shortcode1-3\"><p><strong><a href=\"http:\/\/www.diadelpadre.org\/www\/res3162000\/\">Resoluci\u00f3n 316\/2000<\/a><\/strong><\/p>\n<\/div>\n<div class=\"shortcode1-3\"><p>Direcci\u00f3n General de Escuelas<\/p>\n<\/div>\n<div class=\"shortcode1-3\"><p>Mendoza, 2000<\/p>\n<\/div>\n<div class=\"shortcode1-3\"><p><strong><a title=\"Proyecto de Resoluci\u00f3n 2355-S-99\" href=\"http:\/\/www.diadelpadre.org\/www\/prr2355s99\/\">Proyecto 2355-S-99<\/a><\/strong><\/p>\n<\/div>\n<div class=\"shortcode1-3\"><p>C\u00e1mara de Senadores<\/p>\n<\/div>\n<div class=\"shortcode1-3\"><p>Argentina, 2000<\/p>\n<\/div>\n<div class=\"shortcode1-3\"><p><strong><a title=\"Proyecto de Ley 4830-D-00\" href=\"http:\/\/www.diadelpadre.org\/www\/prl4830d00\/\">Proyecto 4830-D-00<\/a><\/strong><\/p>\n<\/div>\n<div class=\"shortcode1-3\"><p>C\u00e1mara de Diputados<\/p>\n<\/div>\n<div class=\"shortcode1-3\"><p>Argentina, 2000<\/p>\n<\/div>\n<div class=\"shortcode1-3\"><p><strong><a title=\"Proyecto de Ley 1800-S-00\" href=\"http:\/\/www.diadelpadre.org\/www\/prl1800s00\/\">Proyecto 1800-S-00<\/a><\/strong><\/p>\n<\/div>\n<div class=\"shortcode1-3\"><p>C\u00e1mara de Senadores<\/p>\n<\/div>\n<div class=\"shortcode1-3\"><p>Argentina, 2000<\/p>\n<\/div>\n<div class=\"shortcode1-3\"><p><strong><a href=\"http:\/\/www.diadelpadre.org\/www\/res7742001\/\">Resoluci\u00f3n 774\/2001<\/a><\/strong><\/p>\n<\/div>\n<div class=\"shortcode1-3\"><p>Direcci\u00f3n General de Escuelas<\/p>\n<\/div>\n<div class=\"shortcode1-3\"><p>Mendoza, 2001<\/p>\n<\/div>\n<div class=\"shortcode1-3\"><p><strong><a title=\"Proyecto de Ley 0250-D-01\" href=\"http:\/\/www.diadelpadre.org\/www\/prl0250d01\/\">Proyecto 0250-D-01<\/a><\/strong><\/p>\n<\/div>\n<div class=\"shortcode1-3\"><p>C\u00e1mara de Diputados<\/p>\n<\/div>\n<div class=\"shortcode1-3\"><p>Argentina, 2001<\/p>\n<\/div>\n<div class=\"shortcode1-3\"><p><strong><a title=\"Comunicaci\u00f3n 708\/01\" href=\"http:\/\/www.diadelpadre.org\/www\/com70801\/\">Comunicaci\u00f3n 708\/01<\/a><\/strong><\/p>\n<\/div>\n<div class=\"shortcode1-3\"><p>Poder Ejecutivo Nacional<\/p>\n<\/div>\n<div class=\"shortcode1-3\"><p>Argentina, 2001<\/p>\n<\/div>\n<div class=\"shortcode1-3\"><p><strong><a title=\"Proyecto 266\" href=\"http:\/\/www.diadelpadre.org\/www\/prr266\/\">Proyecto de Resoluci\u00f3n 266<\/a><\/strong><\/p>\n<\/div>\n<div class=\"shortcode1-3\"><p>C\u00e1mara de Diputados<\/p>\n<\/div>\n<div class=\"shortcode1-3\"><p>Santa Cruz, 2002<\/p>\n<\/div>\n<div class=\"shortcode1-3\"><p><strong><a title=\"Proyecto de Ley 200201117\" href=\"http:\/\/www.diadelpadre.org\/www\/prl200201117\/\">Proyecto de Ley 200201117<\/a><\/strong><\/p>\n<\/div>\n<div class=\"shortcode1-3\"><p>Diputado GIORNO<\/p>\n<\/div>\n<div class=\"shortcode1-3\"><p>Ciudad de Buenos Aires, 2002<\/p>\n<\/div>\n<div class=\"shortcode1-3\"><p><strong><a title=\"Decreto 96\/02\" href=\"http:\/\/www.diadelpadre.org\/www\/dec9602\/\">Decreto 96\/02<\/a><\/strong><\/p>\n<\/div>\n<div class=\"shortcode1-3\"><p>Poder Ejecutivo<\/p>\n<\/div>\n<div class=\"shortcode1-3\"><p>Escobar, 2002<\/p>\n<\/div>\n<div class=\"shortcode1-3\"><p><strong><a title=\"Proyecto de Ley 3563-D-02\" href=\"http:\/\/www.diadelpadre.org\/www\/prl3563d02\/\">Proyecto 3563-D-02<\/a><\/strong><\/p>\n<\/div>\n<div class=\"shortcode1-3\"><p>C\u00e1mara de Diputados<\/p>\n<\/div>\n<div class=\"shortcode1-3\"><p>Argentina, 2002<\/p>\n<\/div>\n<div class=\"shortcode1-3\"><p><strong><a title=\"Proyecto de Resoluci\u00f3n 3161\/CD\/2002\" href=\"http:\/\/www.diadelpadre.org\/www\/prr3161cd2002\/\">Proyecto de Resoluci\u00f3n 3161\/CD\/2002<\/a><\/strong><\/p>\n<\/div>\n<div class=\"shortcode1-3\"><p>Concejo Deliberante<\/p>\n<\/div>\n<div class=\"shortcode1-3\"><p>Esteban Echeverr\u00eda, 2002<\/p>\n<\/div>\n<div class=\"shortcode1-3\"><p><strong><a title=\"Aprobaci\u00f3n de Actas\" href=\"http:\/\/www.diadelpadre.org\/www\/aca1117d02\/\">Acta de Aprobaci\u00f3n 1117-D-02<\/a><\/strong><\/p>\n<\/div>\n<div class=\"shortcode1-3\"><p>Poder Legislativo<\/p>\n<\/div>\n<div class=\"shortcode1-3\"><p>Ciudad de Buenos Aires, 2002<\/p>\n<\/div>\n<div class=\"shortcode1-3\"><p><strong><a title=\"Proyecto de Ley 6469-D-02\" href=\"http:\/\/www.diadelpadre.org\/www\/prl6469d02\/\">Proyecto 6469-D-02<\/a><\/strong><\/p>\n<\/div>\n<div class=\"shortcode1-3\"><p>C\u00e1mara de Diputados<\/p>\n<\/div>\n<div class=\"shortcode1-3\"><p>Argentina, 2002<\/p>\n<\/div>\n<div class=\"shortcode1-3\"><p><strong><a title=\"Proyecto de Declaraci\u00f3n 6514-D-02\" href=\"http:\/\/www.diadelpadre.org\/www\/prd6514d02\/\">Declaraci\u00f3n 6415-D-02<\/a><\/strong><\/p>\n<\/div>\n<div class=\"shortcode1-3\"><p>C\u00e1mara de Diputados<\/p>\n<\/div>\n<div class=\"shortcode1-3\"><p>Argentina, 2002<\/p>\n<\/div>\n<div class=\"shortcode1-3\"><p><strong><a title=\"Informe de Prensa \u2013 Senadora Curletti\" href=\"http:\/\/www.diadelpadre.org\/www\/inf2003s\/\">Informe de Prensa<\/a><\/strong><\/p>\n<\/div>\n<div class=\"shortcode1-3\"><p>Senadora CURLETTI<\/p>\n<\/div>\n<div class=\"shortcode1-3\"><p>Argentina, 2003<\/p>\n<\/div>\n<div class=\"shortcode1-3\"><p><strong><a title=\"Proyecto de Ley 2040-S-03\" href=\"http:\/\/www.diadelpadre.org\/www\/prl2040s03\/\">Proyecto de Ley 2040-S-03<\/a><\/strong><\/p>\n<\/div>\n<div class=\"shortcode1-3\"><p>Senadores CURLETTI\/MORO<\/p>\n<\/div>\n<div class=\"shortcode1-3\"><p>Argentina, 2003<\/p>\n<\/div>\n<div class=\"shortcode1-3\"><p><strong><a title=\"Proyecto de Declaraci\u00f3n \u2013 Concejal Garavano\" href=\"http:\/\/www.diadelpadre.org\/www\/prd2003cd\/\">Proyecto de Declaraci\u00f3n<\/a><\/strong><\/p>\n<\/div>\n<div class=\"shortcode1-3\"><p>Concejal GARAVANO<\/p>\n<\/div>\n<div class=\"shortcode1-3\"><p>Villa Ca\u00f1as, 2003<\/p>\n<\/div>\n<div class=\"shortcode1-3\"><p><strong><a title=\"Proyecto de Ley 3008-D-03\" href=\"http:\/\/www.diadelpadre.org\/www\/prl3008d03\/\">Proyecto 3008-D-03<\/a><\/strong><\/p>\n<\/div>\n<div class=\"shortcode1-3\"><p>C\u00e1mara de Diputados<\/p>\n<\/div>\n<div class=\"shortcode1-3\"><p>Argentina, 2003<\/p>\n<\/div>\n<div class=\"shortcode1-3\"><p><strong><a title=\"Proyecto de Ley 0393-D-04\" href=\"http:\/\/www.diadelpadre.org\/www\/prl0393d04\/\">Proyecto 0393-D-04<\/a><\/strong><\/p>\n<\/div>\n<div class=\"shortcode1-3\"><p>C\u00e1mara de Diputados<\/p>\n<\/div>\n<div class=\"shortcode1-3\"><p>Argentina, 2004<\/p>\n<\/div>\n<div class=\"shortcode1-3\"><p><strong><a title=\"Proyecto de Ley 0777-D-04\" href=\"http:\/\/www.diadelpadre.org\/www\/prl0777d04\/\">Proyecto 0777-D-04<\/a><\/strong><\/p>\n<\/div>\n<div class=\"shortcode1-3\"><p>C\u00e1mara de Diputados<\/p>\n<\/div>\n<div class=\"shortcode1-3\"><p>Argentina, 2004<\/p>\n<\/div>\n<div class=\"shortcode1-3\"><p><strong><a title=\"Proyecto de Ley 2534-D-04\" href=\"http:\/\/www.diadelpadre.org\/www\/prl2534d04\/\">Proyecto 2534-D-04<\/a><\/strong><\/p>\n<\/div>\n<div class=\"shortcode1-3\"><p>C\u00e1mara de Diputados<\/p>\n<\/div>\n<div class=\"shortcode1-3\"><p>Argentina, 2004<\/p>\n<\/div>\n<div class=\"shortcode1-3\"><p><strong><a title=\"Orden del D\u00eda N\u00ba1798\" href=\"http:\/\/www.diadelpadre.org\/www\/odd179804\/\">Orden del D\u00eda 1798<\/a><\/strong><\/p>\n<\/div>\n<div class=\"shortcode1-3\"><p>C\u00e1mara de Diputados<\/p>\n<\/div>\n<div class=\"shortcode1-3\"><p>Argentin, 2005<\/p>\n<\/div>\n<div class=\"shortcode1-3\"><p><strong><a title=\"Orden del D\u00eda N\u00ba1132\" href=\"http:\/\/www.diadelpadre.org\/www\/odd1132s2005\/\">Orden del D\u00eda 1132<\/a><\/strong><\/p>\n<\/div>\n<div class=\"shortcode1-3\"><p>Senado de la Naci\u00f3n<\/p>\n<\/div>\n<div class=\"shortcode1-3\"><p>Argentina, 2005<\/p>\n<\/div>\n<div class=\"shortcode1-3\"><p><strong><a title=\"Orden del D\u00eda N\u00ba1132\" href=\"http:\/\/www.diadelpadre.org\/www\/prls301807\/\">Proyecto de Ley S-3018\/07<\/a><\/strong><\/p>\n<\/div>\n<div class=\"shortcode1-3\"><p>Senado de la Naci\u00f3n<\/p>\n<\/div>\n<div class=\"shortcode1-3\"><p>Argentina, 2007<\/p>\n<\/div>\n<div class=\"shortcode1-3\"><p><strong><a title=\"Proyecto de Resoluci\u00f3n 394-C-2008\" href=\"http:\/\/www.diadelpadre.org\/www\/prr394c08\/\">Proyecto de Resoluci\u00f3n 394-C-08<\/a><\/strong><\/p>\n<\/div>\n<div class=\"shortcode1-3\"><p>Concejo Deliberante<\/p>\n<\/div>\n<div class=\"shortcode1-3\"><p>General San Mart\u00edn, 2008<\/p>\n<\/div>\n<div class=\"shortcode1-3\"><p><strong><a title=\"Expediente S13\/11\" href=\"http:\/\/www.diadelpadre.org\/www\/prl2309s09\/\">Expediente S13\/11<\/a><\/strong><\/p>\n<\/div>\n<div class=\"shortcode1-3\"><p>Senado de la Naci\u00f3n<\/p>\n<\/div>\n<div class=\"shortcode1-3\"><p>Argentina, 2011<\/p>\n<\/div>\n<div class=\"shortcode1-3\"><p><strong><a title=\"Proyecto de Ley 1834\/12\" href=\"http:\/\/www.diadelpadre.org\/www\/prls183412\/\">Proyecto de Ley 1834\/12<\/a><\/strong><\/p>\n<\/div>\n<div class=\"shortcode1-3\"><p>C\u00e1mara de Senadores<\/p>\n<\/div>\n<div class=\"shortcode1-3\"><p>Argentina, 2012<\/p>\n<\/div>\n<div class=\"shortcode1-3\"><p><strong><a title=\"Proyecto de Ley 1513-D-2012\" href=\" http:\/\/www.diadelpadre.org\/www\/prl1513d12\/\">Proyecto de Ley 1513-D-2012<\/a><\/strong><\/p>\n<\/div>\n<div class=\"shortcode1-3\"><p>C\u00e1mara de Diputados<\/p>\n<\/div>\n<div class=\"shortcode1-3\"><p>Argentina, 2012<\/p>\n<\/div>\n<div class=\"shortcode1-3\"><p><strong><a href=\"http:\/\/www.diadelpadre.org\/www\/prls183412\/\">Proyecto de Ley S-1636\/14<\/a><\/strong><\/p>\n<\/div>\n<div class=\"shortcode1-3\"><p>C\u00e1mara de Senadores<\/p>\n<\/div>\n<div class=\"shortcode1-3\"><p>Argentina, 2014<\/p>\n<\/div>\n<div class=\"shortcode1-3\"><p><strong><a href=\"http:\/\/www.diadelpadre.org\/www\/ley6127\/\">Ley 6127<\/a><\/strong><\/p>\n<\/div>\n<div class=\"shortcode1-3\"><p>Poder Legislativo<\/p>\n<\/div>\n<div class=\"shortcode1-3\"><p>Corrientes, 2016<\/p>\n<\/div>\n<div class=\"shortcode1-3\"><p><strong><a href=\"http:\/\/www.diadelpadre.org\/www\/prls045817\/\">Proyecto de Ley S-458\/17<\/a><\/strong><\/p>\n<\/div>\n<div class=\"shortcode1-3\"><p>C\u00e1mara de Senadores<\/p>\n<\/div>\n<div class=\"shortcode1-3\"><p>Argentina, 2017<\/p>\n<\/div>\n","protected":false},"excerpt":{"rendered":"<p>Los siguientes documentos est\u00e1n disponibles como antecedentes de diferentes instancias legales llevadas a cabo por gobiernos nacionales, provinciales y\/o municipales. Si usted conoce o tiene alg\u00fan otro antecedente o publicaci\u00f3n al respecto, solicitamos que se ponga en contacto con nosotros, que la publicaremos en esta p\u00e1gina.<\/p>\n","protected":false},"author":1,"featured_media":0,"parent":0,"menu_order":0,"comment_status":"closed","ping_status":"closed","template":"","meta":{"footnotes":""},"class_list":["post-232","page","type-page","status-publish","hentry"],"_links":{"self":[{"href":"http:\/\/www.diadelpadre.org\/www\/wp-json\/wp\/v2\/pages\/232","targetHints":{"allow":["GET"]}}],"collection":[{"href":"http:\/\/www.diadelpadre.org\/www\/wp-json\/wp\/v2\/pages"}],"about":[{"href":"http:\/\/www.diadelpadre.org\/www\/wp-json\/wp\/v2\/types\/page"}],"author":[{"embeddable":true,"href":"http:\/\/www.diadelpadre.org\/www\/wp-json\/wp\/v2\/users\/1"}],"replies":[{"embeddable":true,"href":"http:\/\/www.diadelpadre.org\/www\/wp-json\/wp\/v2\/comments?post=232"}],"version-history":[{"count":5,"href":"http:\/\/www.diadelpadre.org\/www\/wp-json\/wp\/v2\/pages\/232\/revisions"}],"predecessor-version":[{"id":667,"href":"http:\/\/www.diadelpadre.org\/www\/wp-json\/wp\/v2\/pages\/232\/revisions\/667"}],"wp:attachment":[{"href":"http:\/\/www.diadelpadre.org\/www\/wp-json\/wp\/v2\/media?parent=232"}],"curies":[{"name":"wp","href":"https:\/\/api.w.org\/{rel}","templated":true}]}}